{"id":570,"date":"2024-06-18T08:38:55","date_gmt":"2024-06-18T07:38:55","guid":{"rendered":"https:\/\/pixooo.com\/?page_id=570"},"modified":"2024-12-06T16:24:01","modified_gmt":"2024-12-06T15:24:01","slug":"index","status":"publish","type":"page","link":"https:\/\/pixooo.com\/en\/","title":{"rendered":"Pixooo\u23a5Le jeu qui carbure aux pixels"},"content":{"rendered":"","protected":false},"excerpt":{"rendered":"","protected":false},"author":1,"featured_media":413,"parent":0,"menu_order":0,"comment_status":"closed","ping_status":"closed","template":"","meta":{"footnotes":""},"class_list":["post-570","page","type-page","status-publish","has-post-thumbnail","hentry"],"yoast_head":"<!-- This site is optimized with the Yoast SEO plugin v27.0 - https:\/\/yoast.com\/product\/yoast-seo-wordpress\/ -->\n<title>Pixooo\u23a5Le jeu qui carbure aux pixels - Pixooo - Le jeu qui carbure aux pixels<\/title>\n<meta name=\"description\" content=\"Pixooo - Le jeu mobile qui carbure aux pixels. T\u00e9l\u00e9chargez le jeu sur Google Play Store ou l&#039;Apple App Store et rejoignez notre communaut\u00e9\" \/>\n<meta name=\"robots\" content=\"index, follow, max-snippet:-1, max-image-preview:large, max-video-preview:-1\" \/>\n<link rel=\"canonical\" href=\"https:\/\/pixooo.com\/en\/\" \/>\n<meta property=\"og:locale\" content=\"en_US\" \/>\n<meta property=\"og:type\" content=\"article\" \/>\n<meta property=\"og:title\" content=\"Pixooo - Le jeu qui carbure aux pixels\" \/>\n<meta property=\"og:description\" content=\"Pixoo est un jeu gratuit sur Android et iOS ou vous devez trouver 6 pixels identiques pour d\u00e9couvrir le tr\u00e9sor qui se cache derri\u00e8re. Rejoignez la communaut\u00e9 maintenant ! T\u00e9l\u00e9chargez l&#039;application\" \/>\n<meta property=\"og:url\" content=\"https:\/\/pixooo.com\/en\/\" \/>\n<meta property=\"og:site_name\" content=\"Pixooo - Le jeu qui carbure aux pixels\" \/>\n<meta property=\"article:modified_time\" content=\"2024-12-06T15:24:01+00:00\" \/>\n<meta property=\"og:image\" content=\"https:\/\/pixooo.com\/wp-content\/uploads\/2024\/02\/logo_pixooo_isolated.png\" \/>\n\t<meta property=\"og:image:width\" content=\"1366\" \/>\n\t<meta property=\"og:image:height\" content=\"634\" \/>\n\t<meta property=\"og:image:type\" content=\"image\/png\" \/>\n<meta name=\"twitter:card\" content=\"summary_large_image\" \/>\n<meta name=\"twitter:title\" content=\"Pixooo - Le jeu qui carbure aux pixels\" \/>\n<meta name=\"twitter:description\" content=\"Pixoo est un jeu gratuit sur Android et iOS ou vous devez trouver 6 pixels identiques pour d\u00e9couvrir le tr\u00e9sor qui se cache derri\u00e8re. Rejoignez la communaut\u00e9 maintenant ! T\u00e9l\u00e9chargez l&#039;application\" \/>\n<meta name=\"twitter:image\" content=\"https:\/\/pixooo.com\/wp-content\/uploads\/2024\/02\/logo_pixooo_isolated.png\" \/>\n<meta name=\"twitter:label1\" content=\"Est. reading time\" \/>\n\t<meta name=\"twitter:data1\" content=\"1 minute\" \/>\n<script type=\"application\/ld+json\" class=\"yoast-schema-graph\">{\"@context\":\"https:\/\/schema.org\",\"@graph\":[{\"@type\":\"WebPage\",\"@id\":\"https:\/\/pixooo.com\/\",\"url\":\"https:\/\/pixooo.com\/\",\"name\":\"Pixooo\u23a5Le jeu qui carbure aux pixels - Pixooo - Le jeu qui carbure aux pixels\",\"isPartOf\":{\"@id\":\"https:\/\/pixooo.com\/#website\"},\"primaryImageOfPage\":{\"@id\":\"https:\/\/pixooo.com\/#primaryimage\"},\"image\":{\"@id\":\"https:\/\/pixooo.com\/#primaryimage\"},\"thumbnailUrl\":\"https:\/\/pixooo.com\/wp-content\/uploads\/2024\/02\/logo_pixooo_isolated.png\",\"datePublished\":\"2024-06-18T07:38:55+00:00\",\"dateModified\":\"2024-12-06T15:24:01+00:00\",\"description\":\"Pixooo - Le jeu mobile qui carbure aux pixels. T\u00e9l\u00e9chargez le jeu sur Google Play Store ou l'Apple App Store et rejoignez notre communaut\u00e9\",\"breadcrumb\":{\"@id\":\"https:\/\/pixooo.com\/#breadcrumb\"},\"inLanguage\":\"en-US\",\"potentialAction\":[{\"@type\":\"ReadAction\",\"target\":[\"https:\/\/pixooo.com\/\"]}]},{\"@type\":\"ImageObject\",\"inLanguage\":\"en-US\",\"@id\":\"https:\/\/pixooo.com\/#primaryimage\",\"url\":\"https:\/\/pixooo.com\/wp-content\/uploads\/2024\/02\/logo_pixooo_isolated.png\",\"contentUrl\":\"https:\/\/pixooo.com\/wp-content\/uploads\/2024\/02\/logo_pixooo_isolated.png\",\"width\":1366,\"height\":634,\"caption\":\"Pixooo\"},{\"@type\":\"BreadcrumbList\",\"@id\":\"https:\/\/pixooo.com\/#breadcrumb\",\"itemListElement\":[{\"@type\":\"ListItem\",\"position\":1,\"name\":\"Home\",\"item\":\"https:\/\/pixooo.com\/\"},{\"@type\":\"ListItem\",\"position\":2,\"name\":\"Pixooo\u23a5Le jeu qui carbure aux pixels\"}]},{\"@type\":\"WebSite\",\"@id\":\"https:\/\/pixooo.com\/#website\",\"url\":\"https:\/\/pixooo.com\/\",\"name\":\"Pixooo - Le jeu qui carbure aux pixels\",\"description\":\"\",\"potentialAction\":[{\"@type\":\"SearchAction\",\"target\":{\"@type\":\"EntryPoint\",\"urlTemplate\":\"https:\/\/pixooo.com\/?s={search_term_string}\"},\"query-input\":{\"@type\":\"PropertyValueSpecification\",\"valueRequired\":true,\"valueName\":\"search_term_string\"}}],\"inLanguage\":\"en-US\"}]}<\/script>\n<!-- \/ Yoast SEO plugin. -->","yoast_head_json":{"title":"Pixooo\u23a5Le jeu qui carbure aux pixels - Pixooo - Le jeu qui carbure aux pixels","description":"Pixooo - Le jeu mobile qui carbure aux pixels. T\u00e9l\u00e9chargez le jeu sur Google Play Store ou l'Apple App Store et rejoignez notre communaut\u00e9","robots":{"index":"index","follow":"follow","max-snippet":"max-snippet:-1","max-image-preview":"max-image-preview:large","max-video-preview":"max-video-preview:-1"},"canonical":"https:\/\/pixooo.com\/en\/","og_locale":"en_US","og_type":"article","og_title":"Pixooo - Le jeu qui carbure aux pixels","og_description":"Pixoo est un jeu gratuit sur Android et iOS ou vous devez trouver 6 pixels identiques pour d\u00e9couvrir le tr\u00e9sor qui se cache derri\u00e8re. Rejoignez la communaut\u00e9 maintenant ! T\u00e9l\u00e9chargez l'application","og_url":"https:\/\/pixooo.com\/en\/","og_site_name":"Pixooo - Le jeu qui carbure aux pixels","article_modified_time":"2024-12-06T15:24:01+00:00","og_image":[{"width":1366,"height":634,"url":"https:\/\/pixooo.com\/wp-content\/uploads\/2024\/02\/logo_pixooo_isolated.png","type":"image\/png"}],"twitter_card":"summary_large_image","twitter_title":"Pixooo - Le jeu qui carbure aux pixels","twitter_description":"Pixoo est un jeu gratuit sur Android et iOS ou vous devez trouver 6 pixels identiques pour d\u00e9couvrir le tr\u00e9sor qui se cache derri\u00e8re. Rejoignez la communaut\u00e9 maintenant ! T\u00e9l\u00e9chargez l'application","twitter_image":"https:\/\/pixooo.com\/wp-content\/uploads\/2024\/02\/logo_pixooo_isolated.png","twitter_misc":{"Est. reading time":"1 minute"},"schema":{"@context":"https:\/\/schema.org","@graph":[{"@type":"WebPage","@id":"https:\/\/pixooo.com\/","url":"https:\/\/pixooo.com\/","name":"Pixooo\u23a5Le jeu qui carbure aux pixels - Pixooo - Le jeu qui carbure aux pixels","isPartOf":{"@id":"https:\/\/pixooo.com\/#website"},"primaryImageOfPage":{"@id":"https:\/\/pixooo.com\/#primaryimage"},"image":{"@id":"https:\/\/pixooo.com\/#primaryimage"},"thumbnailUrl":"https:\/\/pixooo.com\/wp-content\/uploads\/2024\/02\/logo_pixooo_isolated.png","datePublished":"2024-06-18T07:38:55+00:00","dateModified":"2024-12-06T15:24:01+00:00","description":"Pixooo - Le jeu mobile qui carbure aux pixels. T\u00e9l\u00e9chargez le jeu sur Google Play Store ou l'Apple App Store et rejoignez notre communaut\u00e9","breadcrumb":{"@id":"https:\/\/pixooo.com\/#breadcrumb"},"inLanguage":"en-US","potentialAction":[{"@type":"ReadAction","target":["https:\/\/pixooo.com\/"]}]},{"@type":"ImageObject","inLanguage":"en-US","@id":"https:\/\/pixooo.com\/#primaryimage","url":"https:\/\/pixooo.com\/wp-content\/uploads\/2024\/02\/logo_pixooo_isolated.png","contentUrl":"https:\/\/pixooo.com\/wp-content\/uploads\/2024\/02\/logo_pixooo_isolated.png","width":1366,"height":634,"caption":"Pixooo"},{"@type":"BreadcrumbList","@id":"https:\/\/pixooo.com\/#breadcrumb","itemListElement":[{"@type":"ListItem","position":1,"name":"Home","item":"https:\/\/pixooo.com\/"},{"@type":"ListItem","position":2,"name":"Pixooo\u23a5Le jeu qui carbure aux pixels"}]},{"@type":"WebSite","@id":"https:\/\/pixooo.com\/#website","url":"https:\/\/pixooo.com\/","name":"Pixooo - Le jeu qui carbure aux pixels","description":"","potentialAction":[{"@type":"SearchAction","target":{"@type":"EntryPoint","urlTemplate":"https:\/\/pixooo.com\/?s={search_term_string}"},"query-input":{"@type":"PropertyValueSpecification","valueRequired":true,"valueName":"search_term_string"}}],"inLanguage":"en-US"}]}},"_links":{"self":[{"href":"https:\/\/pixooo.com\/en\/wp-json\/wp\/v2\/pages\/570","targetHints":{"allow":["GET"]}}],"collection":[{"href":"https:\/\/pixooo.com\/en\/wp-json\/wp\/v2\/pages"}],"about":[{"href":"https:\/\/pixooo.com\/en\/wp-json\/wp\/v2\/types\/page"}],"author":[{"embeddable":true,"href":"https:\/\/pixooo.com\/en\/wp-json\/wp\/v2\/users\/1"}],"replies":[{"embeddable":true,"href":"https:\/\/pixooo.com\/en\/wp-json\/wp\/v2\/comments?post=570"}],"version-history":[{"count":2,"href":"https:\/\/pixooo.com\/en\/wp-json\/wp\/v2\/pages\/570\/revisions"}],"predecessor-version":[{"id":574,"href":"https:\/\/pixooo.com\/en\/wp-json\/wp\/v2\/pages\/570\/revisions\/574"}],"wp:featuredmedia":[{"embeddable":true,"href":"https:\/\/pixooo.com\/en\/wp-json\/wp\/v2\/media\/413"}],"wp:attachment":[{"href":"https:\/\/pixooo.com\/en\/wp-json\/wp\/v2\/media?parent=570"}],"curies":[{"name":"wp","href":"https:\/\/api.w.org\/{rel}","templated":true}]}}